{"id":8246,"date":"2025-05-27T22:28:39","date_gmt":"2025-05-27T22:28:39","guid":{"rendered":"https:\/\/grey-armadillo-388565.hostingersite.com\/service-2\/"},"modified":"2025-07-24T20:01:38","modified_gmt":"2025-07-24T20:01:38","slug":"service-2","status":"publish","type":"page","link":"https:\/\/quimicasa.com\/?page_id=8246","title":{"rendered":"Principales Sectores"},"content":{"rendered":"\t\t<div data-elementor-type=\"wp-page\" data-elementor-id=\"8246\" class=\"elementor elementor-8246\" data-elementor-post-type=\"page\">\n\t\t\t\t<div class=\"elementor-element elementor-element-3e64269 e-grid e-con-boxed e-con e-parent\" data-id=\"3e64269\" data-element_type=\"container\" data-e-type=\"container\">\n\t\t\t\t\t<div class=\"e-con-inner\">\n\t\t<div class=\"elementor-element elementor-element-4676319 e-grid e-con-full e-con e-child\" data-id=\"4676319\" data-element_type=\"container\" data-e-type=\"container\" data-settings=\"{&quot;background_background&quot;:&quot;classic&quot;}\">\n\t\t\t\t<div class=\"elementor-element elementor-element-9406d04 elementor-widget elementor-widget-image\" data-id=\"9406d04\" data-element_type=\"widget\" data-e-type=\"widget\" data-widget_type=\"image.default\">\n\t\t\t\t<div class=\"elementor-widget-container\">\n\t\t\t\t\t\t\t\t\t\t\t\t\t\t\t\t<a href=\"https:\/\/quimicasa.com\/service\/paip\/\">\n\t\t\t\t\t\t\t<img fetchpriority=\"high\" decoding=\"async\" width=\"1366\" height=\"768\" src=\"https:\/\/quimicasa.com\/wp-content\/uploads\/2025\/05\/Plantas-de-alimentos-e-industrias-pecuarias-2.png\" class=\"attachment-full size-full wp-image-8302\" alt=\"\" srcset=\"https:\/\/quimicasa.com\/wp-content\/uploads\/2025\/05\/Plantas-de-alimentos-e-industrias-pecuarias-2.png 1366w, https:\/\/quimicasa.com\/wp-content\/uploads\/2025\/05\/Plantas-de-alimentos-e-industrias-pecuarias-2-300x169.png 300w, https:\/\/quimicasa.com\/wp-content\/uploads\/2025\/05\/Plantas-de-alimentos-e-industrias-pecuarias-2-1024x576.png 1024w, https:\/\/quimicasa.com\/wp-content\/uploads\/2025\/05\/Plantas-de-alimentos-e-industrias-pecuarias-2-768x432.png 768w, https:\/\/quimicasa.com\/wp-content\/uploads\/2025\/05\/Plantas-de-alimentos-e-industrias-pecuarias-2-600x337.png 600w\" sizes=\"(max-width: 1366px) 100vw, 1366px\" \/>\t\t\t\t\t\t\t\t<\/a>\n\t\t\t\t\t\t\t\t\t\t\t\t\t\t\t<\/div>\n\t\t\t\t<\/div>\n\t\t<div class=\"elementor-element elementor-element-4e8462e e-grid e-con-full e-con e-child\" data-id=\"4e8462e\" data-element_type=\"container\" data-e-type=\"container\">\n\t\t\t\t<div class=\"elementor-element elementor-element-1595b54 elementor-widget elementor-widget-heading\" data-id=\"1595b54\" data-element_type=\"widget\" data-e-type=\"widget\" data-widget_type=\"heading.default\">\n\t\t\t\t<div class=\"elementor-widget-container\">\n\t\t\t\t\t<h2 class=\"elementor-heading-title elementor-size-default\"><a href=\"https:\/\/quimicasa.com\/service\/paip\/\">Plantas de alimentos e industria pecuaria<\/a><\/h2>\t\t\t\t<\/div>\n\t\t\t\t<\/div>\n\t\t\t\t<div class=\"elementor-element elementor-element-7af0a1b elementor-widget elementor-widget-text-editor\" data-id=\"7af0a1b\" data-element_type=\"widget\" data-e-type=\"widget\" data-widget_type=\"text-editor.default\">\n\t\t\t\t<div class=\"elementor-widget-container\">\n\t\t\t\t\t\t\t\t\t<p><a href=\"https:\/\/quimicasa.com\/service\/paip\/\">Proveemos una serie de productos formulados para eliminar contaminantes biol\u00f3gicos y qu\u00edmicos.<\/a><\/p>\t\t\t\t\t\t\t\t<\/div>\n\t\t\t\t<\/div>\n\t\t\t\t<\/div>\n\t\t\t\t<\/div>\n\t\t<div class=\"elementor-element elementor-element-aa429da e-grid e-con-full e-con e-child\" data-id=\"aa429da\" data-element_type=\"container\" data-e-type=\"container\" data-settings=\"{&quot;background_background&quot;:&quot;classic&quot;}\">\n\t\t\t\t<div class=\"elementor-element elementor-element-2db8516 elementor-widget elementor-widget-image\" data-id=\"2db8516\" data-element_type=\"widget\" data-e-type=\"widget\" data-widget_type=\"image.default\">\n\t\t\t\t<div class=\"elementor-widget-container\">\n\t\t\t\t\t\t\t\t\t\t\t\t\t\t\t\t<a href=\"https:\/\/quimicasa.com\/service\/hr\/\">\n\t\t\t\t\t\t\t<img decoding=\"async\" width=\"1366\" height=\"768\" src=\"https:\/\/quimicasa.com\/wp-content\/uploads\/2025\/05\/rest.jpg\" class=\"attachment-full size-full wp-image-8311\" alt=\"\" srcset=\"https:\/\/quimicasa.com\/wp-content\/uploads\/2025\/05\/rest.jpg 1366w, https:\/\/quimicasa.com\/wp-content\/uploads\/2025\/05\/rest-300x169.jpg 300w, https:\/\/quimicasa.com\/wp-content\/uploads\/2025\/05\/rest-1024x576.jpg 1024w, https:\/\/quimicasa.com\/wp-content\/uploads\/2025\/05\/rest-768x432.jpg 768w, https:\/\/quimicasa.com\/wp-content\/uploads\/2025\/05\/rest-600x337.jpg 600w\" sizes=\"(max-width: 1366px) 100vw, 1366px\" \/>\t\t\t\t\t\t\t\t<\/a>\n\t\t\t\t\t\t\t\t\t\t\t\t\t\t\t<\/div>\n\t\t\t\t<\/div>\n\t\t<div class=\"elementor-element elementor-element-fd8d34f e-grid e-con-full e-con e-child\" data-id=\"fd8d34f\" data-element_type=\"container\" data-e-type=\"container\">\n\t\t\t\t<div class=\"elementor-element elementor-element-2f30c5f elementor-widget elementor-widget-heading\" data-id=\"2f30c5f\" data-element_type=\"widget\" data-e-type=\"widget\" data-widget_type=\"heading.default\">\n\t\t\t\t<div class=\"elementor-widget-container\">\n\t\t\t\t\t<h2 class=\"elementor-heading-title elementor-size-default\"><a href=\"https:\/\/quimicasa.com\/service\/hr\/\">Hoteles y restaurantes<\/a><\/h2>\t\t\t\t<\/div>\n\t\t\t\t<\/div>\n\t\t\t\t<div class=\"elementor-element elementor-element-c4b85ee elementor-widget elementor-widget-text-editor\" data-id=\"c4b85ee\" data-element_type=\"widget\" data-e-type=\"widget\" data-widget_type=\"text-editor.default\">\n\t\t\t\t<div class=\"elementor-widget-container\">\n\t\t\t\t\t\t\t\t\t<p><a href=\"https:\/\/quimicasa.com\/service\/hr\/\">Damos soluciones que facilitan la preparaci\u00f3n de alimentos inocuos, cumpliendo las expectativas de los consumidores.<\/a><\/p>\t\t\t\t\t\t\t\t<\/div>\n\t\t\t\t<\/div>\n\t\t\t\t<\/div>\n\t\t\t\t<\/div>\n\t\t<div class=\"elementor-element elementor-element-644e97b e-grid e-con-full e-con e-child\" data-id=\"644e97b\" data-element_type=\"container\" data-e-type=\"container\" data-settings=\"{&quot;background_background&quot;:&quot;classic&quot;}\">\n\t\t\t\t<div class=\"elementor-element elementor-element-1d2c5d1 elementor-widget elementor-widget-image\" data-id=\"1d2c5d1\" data-element_type=\"widget\" data-e-type=\"widget\" data-widget_type=\"image.default\">\n\t\t\t\t<div class=\"elementor-widget-container\">\n\t\t\t\t\t\t\t\t\t\t\t\t\t\t\t\t<a href=\"https:\/\/quimicasa.com\/service\/ingenios-y-plantas-generadoras\/\">\n\t\t\t\t\t\t\t<img decoding=\"async\" width=\"1366\" height=\"768\" src=\"https:\/\/quimicasa.com\/wp-content\/uploads\/2025\/06\/Ingenios-y-Plantas-Generadoras.png\" class=\"attachment-full size-full wp-image-8408\" alt=\"\" srcset=\"https:\/\/quimicasa.com\/wp-content\/uploads\/2025\/06\/Ingenios-y-Plantas-Generadoras.png 1366w, https:\/\/quimicasa.com\/wp-content\/uploads\/2025\/06\/Ingenios-y-Plantas-Generadoras-300x169.png 300w, https:\/\/quimicasa.com\/wp-content\/uploads\/2025\/06\/Ingenios-y-Plantas-Generadoras-1024x576.png 1024w, https:\/\/quimicasa.com\/wp-content\/uploads\/2025\/06\/Ingenios-y-Plantas-Generadoras-768x432.png 768w, https:\/\/quimicasa.com\/wp-content\/uploads\/2025\/06\/Ingenios-y-Plantas-Generadoras-600x337.png 600w\" sizes=\"(max-width: 1366px) 100vw, 1366px\" \/>\t\t\t\t\t\t\t\t<\/a>\n\t\t\t\t\t\t\t\t\t\t\t\t\t\t\t<\/div>\n\t\t\t\t<\/div>\n\t\t<div class=\"elementor-element elementor-element-634d463 e-grid e-con-full e-con e-child\" data-id=\"634d463\" data-element_type=\"container\" data-e-type=\"container\">\n\t\t\t\t<div class=\"elementor-element elementor-element-6420f43 elementor-widget elementor-widget-heading\" data-id=\"6420f43\" data-element_type=\"widget\" data-e-type=\"widget\" data-widget_type=\"heading.default\">\n\t\t\t\t<div class=\"elementor-widget-container\">\n\t\t\t\t\t<h2 class=\"elementor-heading-title elementor-size-default\"><a href=\"https:\/\/quimicasa.com\/service\/ingenios-y-plantas-generadoras\/\">Ingenios y plantas generadoras<\/a><\/h2>\t\t\t\t<\/div>\n\t\t\t\t<\/div>\n\t\t\t\t<div class=\"elementor-element elementor-element-6482bef elementor-widget elementor-widget-text-editor\" data-id=\"6482bef\" data-element_type=\"widget\" data-e-type=\"widget\" data-widget_type=\"text-editor.default\">\n\t\t\t\t<div class=\"elementor-widget-container\">\n\t\t\t\t\t\t\t\t\t<p><a href=\"https:\/\/quimicasa.com\/service\/ingenios-y-plantas-generadoras\/\">Ofrecemos soluciones qu\u00edmicas especializadas que optimizan los procesos de limpieza y mantenimiento industrial.<\/a><\/p>\t\t\t\t\t\t\t\t<\/div>\n\t\t\t\t<\/div>\n\t\t\t\t<\/div>\n\t\t\t\t<\/div>\n\t\t<div class=\"elementor-element elementor-element-2e1720e e-grid e-con-full e-con e-child\" data-id=\"2e1720e\" data-element_type=\"container\" data-e-type=\"container\" data-settings=\"{&quot;background_background&quot;:&quot;classic&quot;}\">\n\t\t\t\t<div class=\"elementor-element elementor-element-d515399 elementor-widget elementor-widget-image\" data-id=\"d515399\" data-element_type=\"widget\" data-e-type=\"widget\" data-widget_type=\"image.default\">\n\t\t\t\t<div class=\"elementor-widget-container\">\n\t\t\t\t\t\t\t\t\t\t\t\t\t\t\t\t<a href=\"https:\/\/quimicasa.com\/service\/hp\/\">\n\t\t\t\t\t\t\t<img loading=\"lazy\" decoding=\"async\" width=\"1366\" height=\"768\" src=\"https:\/\/quimicasa.com\/wp-content\/uploads\/2025\/06\/Hospitales.png\" class=\"attachment-full size-full wp-image-8561\" alt=\"\" srcset=\"https:\/\/quimicasa.com\/wp-content\/uploads\/2025\/06\/Hospitales.png 1366w, https:\/\/quimicasa.com\/wp-content\/uploads\/2025\/06\/Hospitales-300x169.png 300w, https:\/\/quimicasa.com\/wp-content\/uploads\/2025\/06\/Hospitales-1024x576.png 1024w, https:\/\/quimicasa.com\/wp-content\/uploads\/2025\/06\/Hospitales-768x432.png 768w, https:\/\/quimicasa.com\/wp-content\/uploads\/2025\/06\/Hospitales-600x337.png 600w\" sizes=\"(max-width: 1366px) 100vw, 1366px\" \/>\t\t\t\t\t\t\t\t<\/a>\n\t\t\t\t\t\t\t\t\t\t\t\t\t\t\t<\/div>\n\t\t\t\t<\/div>\n\t\t<div class=\"elementor-element elementor-element-8ec5cc9 e-grid e-con-full e-con e-child\" data-id=\"8ec5cc9\" data-element_type=\"container\" data-e-type=\"container\">\n\t\t\t\t<div class=\"elementor-element elementor-element-5a8b900 elementor-widget elementor-widget-heading\" data-id=\"5a8b900\" data-element_type=\"widget\" data-e-type=\"widget\" data-widget_type=\"heading.default\">\n\t\t\t\t<div class=\"elementor-widget-container\">\n\t\t\t\t\t<h2 class=\"elementor-heading-title elementor-size-default\"><a href=\"https:\/\/quimicasa.com\/service\/hp\/\">Hospitales e instituciones p\u00fablicas<\/a><\/h2>\t\t\t\t<\/div>\n\t\t\t\t<\/div>\n\t\t\t\t<div class=\"elementor-element elementor-element-ce63aef elementor-widget elementor-widget-text-editor\" data-id=\"ce63aef\" data-element_type=\"widget\" data-e-type=\"widget\" data-widget_type=\"text-editor.default\">\n\t\t\t\t<div class=\"elementor-widget-container\">\n\t\t\t\t\t\t\t\t\t<p><a href=\"https:\/\/quimicasa.com\/service\/hp\/\">Suministramos productos y soluciones que ayudan a cumplir con los est\u00e1ndares de control y prevenci\u00f3n de infecciones.<\/a><\/p>\t\t\t\t\t\t\t\t<\/div>\n\t\t\t\t<\/div>\n\t\t\t\t<\/div>\n\t\t\t\t<\/div>\n\t\t<div class=\"elementor-element elementor-element-d359c9f e-grid e-con-full e-con e-child\" data-id=\"d359c9f\" data-element_type=\"container\" data-e-type=\"container\" data-settings=\"{&quot;background_background&quot;:&quot;classic&quot;}\">\n\t\t\t\t<div class=\"elementor-element elementor-element-6e52878 elementor-widget elementor-widget-image\" data-id=\"6e52878\" data-element_type=\"widget\" data-e-type=\"widget\" data-widget_type=\"image.default\">\n\t\t\t\t<div class=\"elementor-widget-container\">\n\t\t\t\t\t\t\t\t\t\t\t\t\t\t\t\t<a href=\"https:\/\/quimicasa.com\/service\/lavanderia-industrial\/\">\n\t\t\t\t\t\t\t<img loading=\"lazy\" decoding=\"async\" width=\"1366\" height=\"768\" src=\"https:\/\/quimicasa.com\/wp-content\/uploads\/2025\/06\/Lavanderia-Industrial.png\" class=\"attachment-full size-full wp-image-8402\" alt=\"\" srcset=\"https:\/\/quimicasa.com\/wp-content\/uploads\/2025\/06\/Lavanderia-Industrial.png 1366w, https:\/\/quimicasa.com\/wp-content\/uploads\/2025\/06\/Lavanderia-Industrial-300x169.png 300w, https:\/\/quimicasa.com\/wp-content\/uploads\/2025\/06\/Lavanderia-Industrial-1024x576.png 1024w, https:\/\/quimicasa.com\/wp-content\/uploads\/2025\/06\/Lavanderia-Industrial-768x432.png 768w, https:\/\/quimicasa.com\/wp-content\/uploads\/2025\/06\/Lavanderia-Industrial-600x337.png 600w\" sizes=\"(max-width: 1366px) 100vw, 1366px\" \/>\t\t\t\t\t\t\t\t<\/a>\n\t\t\t\t\t\t\t\t\t\t\t\t\t\t\t<\/div>\n\t\t\t\t<\/div>\n\t\t<div class=\"elementor-element elementor-element-611175b e-grid e-con-full e-con e-child\" data-id=\"611175b\" data-element_type=\"container\" data-e-type=\"container\">\n\t\t\t\t<div class=\"elementor-element elementor-element-faa891e elementor-widget elementor-widget-heading\" data-id=\"faa891e\" data-element_type=\"widget\" data-e-type=\"widget\" data-widget_type=\"heading.default\">\n\t\t\t\t<div class=\"elementor-widget-container\">\n\t\t\t\t\t<h2 class=\"elementor-heading-title elementor-size-default\"><a href=\"https:\/\/quimicasa.com\/service\/lavanderia-industrial\/\">Lavander\u00eda industrial<\/a><\/h2>\t\t\t\t<\/div>\n\t\t\t\t<\/div>\n\t\t\t\t<div class=\"elementor-element elementor-element-59bea2a elementor-widget elementor-widget-text-editor\" data-id=\"59bea2a\" data-element_type=\"widget\" data-e-type=\"widget\" data-widget_type=\"text-editor.default\">\n\t\t\t\t<div class=\"elementor-widget-container\">\n\t\t\t\t\t\t\t\t\t<p><a href=\"https:\/\/quimicasa.com\/service\/lavanderia-industrial\/\">Nuestro kit para lavander\u00edas industriales combina productos de limpieza y equipos de \u00faltima tecnolog\u00eda para optimizar procesos.<\/a><\/p>\t\t\t\t\t\t\t\t<\/div>\n\t\t\t\t<\/div>\n\t\t\t\t<\/div>\n\t\t\t\t<\/div>\n\t\t<div class=\"elementor-element elementor-element-84108f5 e-grid e-con-full e-con e-child\" data-id=\"84108f5\" data-element_type=\"container\" data-e-type=\"container\" data-settings=\"{&quot;background_background&quot;:&quot;classic&quot;}\">\n\t\t\t\t<div class=\"elementor-element elementor-element-cad61b1 elementor-widget elementor-widget-image\" data-id=\"cad61b1\" data-element_type=\"widget\" data-e-type=\"widget\" data-widget_type=\"image.default\">\n\t\t\t\t<div class=\"elementor-widget-container\">\n\t\t\t\t\t\t\t\t\t\t\t\t\t\t\t\t<a href=\"https:\/\/quimicasa.com\/service\/linea-automotriz\/\">\n\t\t\t\t\t\t\t<img loading=\"lazy\" decoding=\"async\" width=\"1366\" height=\"768\" src=\"https:\/\/quimicasa.com\/wp-content\/uploads\/2025\/06\/Industrias-Automotriz.png\" class=\"attachment-full size-full wp-image-8405\" alt=\"\" srcset=\"https:\/\/quimicasa.com\/wp-content\/uploads\/2025\/06\/Industrias-Automotriz.png 1366w, https:\/\/quimicasa.com\/wp-content\/uploads\/2025\/06\/Industrias-Automotriz-300x169.png 300w, https:\/\/quimicasa.com\/wp-content\/uploads\/2025\/06\/Industrias-Automotriz-1024x576.png 1024w, https:\/\/quimicasa.com\/wp-content\/uploads\/2025\/06\/Industrias-Automotriz-768x432.png 768w, https:\/\/quimicasa.com\/wp-content\/uploads\/2025\/06\/Industrias-Automotriz-600x337.png 600w\" sizes=\"(max-width: 1366px) 100vw, 1366px\" \/>\t\t\t\t\t\t\t\t<\/a>\n\t\t\t\t\t\t\t\t\t\t\t\t\t\t\t<\/div>\n\t\t\t\t<\/div>\n\t\t<div class=\"elementor-element elementor-element-cb3ccd0 e-grid e-con-full e-con e-child\" data-id=\"cb3ccd0\" data-element_type=\"container\" data-e-type=\"container\">\n\t\t\t\t<div class=\"elementor-element elementor-element-1c9ef03 elementor-widget elementor-widget-heading\" data-id=\"1c9ef03\" data-element_type=\"widget\" data-e-type=\"widget\" data-widget_type=\"heading.default\">\n\t\t\t\t<div class=\"elementor-widget-container\">\n\t\t\t\t\t<h2 class=\"elementor-heading-title elementor-size-default\"><a href=\"https:\/\/quimicasa.com\/service\/linea-automotriz\/\">L\u00ednea automotriz<\/a><\/h2>\t\t\t\t<\/div>\n\t\t\t\t<\/div>\n\t\t\t\t<div class=\"elementor-element elementor-element-2c2dc81 elementor-widget elementor-widget-text-editor\" data-id=\"2c2dc81\" data-element_type=\"widget\" data-e-type=\"widget\" data-widget_type=\"text-editor.default\">\n\t\t\t\t<div class=\"elementor-widget-container\">\n\t\t\t\t\t\t\t\t\t<p><a href=\"https:\/\/quimicasa.com\/service\/linea-automotriz\/\">Brindamos soluciones especializadas para el cuidado automotriz.<\/a><\/p>\t\t\t\t\t\t\t\t<\/div>\n\t\t\t\t<\/div>\n\t\t\t\t<\/div>\n\t\t\t\t<\/div>\n\t\t\t\t\t<\/div>\n\t\t\t\t<\/div>\n\t\t\t\t<\/div>\n\t\t","protected":false},"excerpt":{"rendered":"<p>Plantas de alimentos e industria pecuaria Proveemos una serie de productos formulados para eliminar contaminantes biol\u00f3gicos y qu\u00edmicos. Hoteles y restaurantes Damos soluciones [&hellip;]<\/p>\n","protected":false},"author":1,"featured_media":0,"parent":0,"menu_order":0,"comment_status":"closed","ping_status":"closed","template":"","meta":{"footnotes":""},"class_list":["post-8246","page","type-page","status-publish","hentry"],"_links":{"self":[{"href":"https:\/\/quimicasa.com\/index.php?rest_route=\/wp\/v2\/pages\/8246","targetHints":{"allow":["GET"]}}],"collection":[{"href":"https:\/\/quimicasa.com\/index.php?rest_route=\/wp\/v2\/pages"}],"about":[{"href":"https:\/\/quimicasa.com\/index.php?rest_route=\/wp\/v2\/types\/page"}],"author":[{"embeddable":true,"href":"https:\/\/quimicasa.com\/index.php?rest_route=\/wp\/v2\/users\/1"}],"replies":[{"embeddable":true,"href":"https:\/\/quimicasa.com\/index.php?rest_route=%2Fwp%2Fv2%2Fcomments&post=8246"}],"version-history":[{"count":115,"href":"https:\/\/quimicasa.com\/index.php?rest_route=\/wp\/v2\/pages\/8246\/revisions"}],"predecessor-version":[{"id":9078,"href":"https:\/\/quimicasa.com\/index.php?rest_route=\/wp\/v2\/pages\/8246\/revisions\/9078"}],"wp:attachment":[{"href":"https:\/\/quimicasa.com\/index.php?rest_route=%2Fwp%2Fv2%2Fmedia&parent=8246"}],"curies":[{"name":"wp","href":"https:\/\/api.w.org\/{rel}","templated":true}]}}